{"id":92,"date":"2023-12-31T10:51:51","date_gmt":"2023-12-31T10:51:51","guid":{"rendered":"https:\/\/aa.peiranovivai.it\/index.php\/services\/"},"modified":"2024-01-06T19:17:56","modified_gmt":"2024-01-06T19:17:56","slug":"servizi","status":"publish","type":"page","link":"https:\/\/peiranovivai.it\/index.php\/servizi\/","title":{"rendered":"Servizi"},"content":{"rendered":"\t\t<div data-elementor-type=\"wp-page\" data-elementor-id=\"92\" class=\"elementor elementor-92\" data-elementor-post-type=\"page\">\n\t\t\t\t<div class=\"elementor-element elementor-element-2ad6ee36 e-con-full e-flex e-con e-parent\" data-id=\"2ad6ee36\" data-element_type=\"container\" data-e-type=\"container\">\n\t\t<div class=\"elementor-element elementor-element-51f26f3d e-con-full e-flex e-con e-child\" data-id=\"51f26f3d\" data-element_type=\"container\" data-e-type=\"container\" data-settings=\"{&quot;background_background&quot;:&quot;classic&quot;}\">\n\t\t\t\t<\/div>\n\t\t<div class=\"elementor-element elementor-element-3fe329d7 e-con-full e-flex e-con e-child\" data-id=\"3fe329d7\" data-element_type=\"container\" data-e-type=\"container\">\n\t\t\t\t<div class=\"elementor-element elementor-element-442fdf01 elementor-widget elementor-widget-heading\" data-id=\"442fdf01\" data-element_type=\"widget\" data-e-type=\"widget\" data-widget_type=\"heading.default\">\n\t\t\t\t<div class=\"elementor-widget-container\">\n\t\t\t\t\t<h1 class=\"elementor-heading-title elementor-size-default\">Cura Verde Personalizzata<\/h1>\t\t\t\t<\/div>\n\t\t\t\t<\/div>\n\t\t\t\t<div class=\"elementor-element elementor-element-4375cc56 elementor-widget elementor-widget-text-editor\" data-id=\"4375cc56\" data-element_type=\"widget\" data-e-type=\"widget\" data-widget_type=\"text-editor.default\">\n\t\t\t\t<div class=\"elementor-widget-container\">\n\t\t\t\t\t\t\t\t\t<p>Esperienza e innovazione per ogni angolo del tuo giardino<\/p>\t\t\t\t\t\t\t\t<\/div>\n\t\t\t\t<\/div>\n\t\t\t\t<\/div>\n\t\t\t\t<\/div>\n\t\t<div class=\"elementor-element elementor-element-4a49af32 e-flex e-con-boxed e-con e-parent\" data-id=\"4a49af32\" data-element_type=\"container\" data-e-type=\"container\">\n\t\t\t\t\t<div class=\"e-con-inner\">\n\t\t\t\t<div class=\"elementor-element elementor-element-7b475196 elementor-cta--layout-image-right elementor-cta--valign-middle elementor-cta--mobile-layout-image-above elementor-cta--skin-classic elementor-animated-content elementor-bg-transform elementor-bg-transform-zoom-in elementor-widget elementor-widget-call-to-action\" data-id=\"7b475196\" data-element_type=\"widget\" data-e-type=\"widget\" id=\"service_1\" data-widget_type=\"call-to-action.default\">\n\t\t\t\t<div class=\"elementor-widget-container\">\n\t\t\t\t\t\t\t<div class=\"elementor-cta\">\n\t\t\t\t\t<div class=\"elementor-cta__bg-wrapper\">\n\t\t\t\t<div class=\"elementor-cta__bg elementor-bg\" style=\"background-image: url(https:\/\/peiranovivai.it\/wp-content\/uploads\/2024\/01\/somalia12.jpg);\" role=\"img\" aria-label=\"somalia12\"><\/div>\n\t\t\t\t<div class=\"elementor-cta__bg-overlay\"><\/div>\n\t\t\t<\/div>\n\t\t\t\t\t\t\t<div class=\"elementor-cta__content\">\n\t\t\t\t\n\t\t\t\t\t\t\t\t\t<h4 class=\"elementor-cta__title elementor-cta__content-item elementor-content-item\">\n\t\t\t\t\t\tVendita Piante Al Dettaglio\t\t\t\t\t<\/h4>\n\t\t\t\t\n\t\t\t\t\t\t\t\t\t<div class=\"elementor-cta__description elementor-cta__content-item elementor-content-item\">\n\t\t\t\t\t\tNon ci limitiamo a coltivare splendide piante; noi infondiamo vita ai vostri spazi esterni. Ogni pianta che esce dai nostri vivai \u00e8 un impegno di eccellenza e ci assicuriamo che trovi la sua dimora perfetta nel vostro giardino. La messa a dimora \u00e8 solo l'inizio: offriamo una gamma completa di servizi per il vostro giardino, affinch\u00e9 esso possa prosperare in ogni stagione. Dal design paesaggistico alla manutenzione, dalla potatura alla consulenza, vogliamo essere il vostro punto di riferimento a 360 gradi per tutto ci\u00f2 che riguarda il verde. La vostra soddisfazione e un ambiente esterno rigoglioso sono la nostra missione. \t\t\t\t\t<\/div>\n\t\t\t\t\n\t\t\t\t\t\t\t<\/div>\n\t\t\t\t\t\t<\/div>\n\t\t\t\t\t\t<\/div>\n\t\t\t\t<\/div>\n\t\t\t\t<div class=\"elementor-element elementor-element-4a6e221 elementor-cta--layout-image-left elementor-cta--valign-middle elementor-cta--mobile-layout-image-above elementor-cta--skin-classic elementor-animated-content elementor-bg-transform elementor-bg-transform-zoom-in elementor-widget elementor-widget-call-to-action\" data-id=\"4a6e221\" data-element_type=\"widget\" data-e-type=\"widget\" id=\"service_2\" data-widget_type=\"call-to-action.default\">\n\t\t\t\t<div class=\"elementor-widget-container\">\n\t\t\t\t\t\t\t<div class=\"elementor-cta\">\n\t\t\t\t\t<div class=\"elementor-cta__bg-wrapper\">\n\t\t\t\t<div class=\"elementor-cta__bg elementor-bg\" style=\"background-image: url(https:\/\/peiranovivai.it\/wp-content\/uploads\/2024\/01\/messadimora.jpg);\" role=\"img\" aria-label=\"messadimora\"><\/div>\n\t\t\t\t<div class=\"elementor-cta__bg-overlay\"><\/div>\n\t\t\t<\/div>\n\t\t\t\t\t\t\t<div class=\"elementor-cta__content\">\n\t\t\t\t\n\t\t\t\t\t\t\t\t\t<h4 class=\"elementor-cta__title elementor-cta__content-item elementor-content-item\">\n\t\t\t\t\t\tMessa A Dimora Piante\t\t\t\t\t<\/h4>\n\t\t\t\t\n\t\t\t\t\t\t\t\t\t<div class=\"elementor-cta__description elementor-cta__content-item elementor-content-item\">\n\t\t\t\t\t\tAffida i tuoi spazi verdi all'esperienza e alla maestria del nostro personale qualificato. Armato di passione genuina per il verde e attrezzature tecnologicamente avanzate, il nostro team garantisce una messa a dimora perfetta, assicurando che ogni pianta trovi il proprio posto ideale per crescere rigogliosa. Proponiamo soluzioni su misura per qualsiasi ambiente esterno, dal giardino privato alle grandi aree verdi aziendali, rispettando sempre l'ecosistema circostante. Il nostro approccio dettagliato e la dedizione alla sostenibilit\u00e0 ci consentono di realizzare giardini che deliziano la vista e favoriscono la biodiversit\u00e0, fioritura dopo fioritura\t\t\t\t\t<\/div>\n\t\t\t\t\n\t\t\t\t\t\t\t<\/div>\n\t\t\t\t\t\t<\/div>\n\t\t\t\t\t\t<\/div>\n\t\t\t\t<\/div>\n\t\t\t\t<div class=\"elementor-element elementor-element-f834855 elementor-cta--layout-image-left elementor-cta--valign-middle elementor-cta--mobile-layout-image-above elementor-cta--skin-classic elementor-animated-content elementor-bg-transform elementor-bg-transform-zoom-in elementor-widget elementor-widget-call-to-action\" data-id=\"f834855\" data-element_type=\"widget\" data-e-type=\"widget\" data-widget_type=\"call-to-action.default\">\n\t\t\t\t<div class=\"elementor-widget-container\">\n\t\t\t\t\t\t\t<div class=\"elementor-cta\">\n\t\t\t\t\t<div class=\"elementor-cta__bg-wrapper\">\n\t\t\t\t<div class=\"elementor-cta__bg elementor-bg\" style=\"background-image: url(https:\/\/peiranovivai.it\/wp-content\/uploads\/2024\/01\/eventi-2-scaled.jpg);\" role=\"img\" aria-label=\"eventi-2\"><\/div>\n\t\t\t\t<div class=\"elementor-cta__bg-overlay\"><\/div>\n\t\t\t<\/div>\n\t\t\t\t\t\t\t<div class=\"elementor-cta__content\">\n\t\t\t\t\n\t\t\t\t\t\t\t\t\t<h4 class=\"elementor-cta__title elementor-cta__content-item elementor-content-item\">\n\t\t\t\t\t\tNoleggio piante - Eventi\t\t\t\t\t<\/h4>\n\t\t\t\t\n\t\t\t\t\t\t\t\t\t<div class=\"elementor-cta__description elementor-cta__content-item elementor-content-item\">\n\t\t\t\t\t\tIl nostro servizio di noleggio piante per eventi rappresenta una soluzione ideale per arricchire qualsiasi tipo di evento, dal matrimonio intimo e personale ai grandi eventi internazionali, come il Salone Nautico di Genova, dove siamo orgogliosi di essere partner operativi da oltre un decennio, e il prestigioso Salone Nautico di Cannes in Francia. La nostra esperienza abbraccia anche numerose inaugurazioni di negozi e aziende a Milano, dimostrando la nostra capacit\u00e0 di adattarci a una variet\u00e0 di contesti e esigenze.\n\nOffriamo un'ampia gamma di piante, dai classici alle specie pi\u00f9 esotiche, adattabili a qualsiasi tema o stile di evento. Il nostro team esperto si occupa di ogni dettaglio, dalla selezione delle piante pi\u00f9 adatte fino all'allestimento sul posto, garantendo che ogni ambiente sia trasformato in uno spazio verde affascinante e accogliente.\n\nCapire le esigenze specifiche del cliente \u00e8 fondamentale per noi. Per questo, invitiamo chiunque sia interessato a rendere unico il proprio evento con il nostro tocco verde a contattarci via email. Una breve descrizione delle esigenze ci permetter\u00e0 di fornire un servizio personalizzato e di alta qualit\u00e0. Non esitate a raggiungerci: il nostro team \u00e8 pronto a viaggiare ovunque per soddisfare le vostre richieste, trasformando ogni location in un'oasi verde indimenticabile.\t\t\t\t\t<\/div>\n\t\t\t\t\n\t\t\t\t\t\t\t<\/div>\n\t\t\t\t\t\t<\/div>\n\t\t\t\t\t\t<\/div>\n\t\t\t\t<\/div>\n\t\t\t\t<div class=\"elementor-element elementor-element-38fca0c1 elementor-cta--layout-image-right elementor-cta--valign-middle elementor-cta--mobile-layout-image-above elementor-cta--skin-classic elementor-animated-content elementor-bg-transform elementor-bg-transform-zoom-in elementor-widget elementor-widget-call-to-action\" data-id=\"38fca0c1\" data-element_type=\"widget\" data-e-type=\"widget\" id=\"service_3\" data-widget_type=\"call-to-action.default\">\n\t\t\t\t<div class=\"elementor-widget-container\">\n\t\t\t\t\t\t\t<div class=\"elementor-cta\">\n\t\t\t\t\t<div class=\"elementor-cta__bg-wrapper\">\n\t\t\t\t<div class=\"elementor-cta__bg elementor-bg\" style=\"background-image: url(https:\/\/peiranovivai.it\/wp-content\/uploads\/2024\/01\/irrigazione.jpg);\" role=\"img\" aria-label=\"irrigazione\"><\/div>\n\t\t\t\t<div class=\"elementor-cta__bg-overlay\"><\/div>\n\t\t\t<\/div>\n\t\t\t\t\t\t\t<div class=\"elementor-cta__content\">\n\t\t\t\t\n\t\t\t\t\t\t\t\t\t<h4 class=\"elementor-cta__title elementor-cta__content-item elementor-content-item\">\n\t\t\t\t\t\tImpianti d'irrigazione\t\t\t\t\t<\/h4>\n\t\t\t\t\n\t\t\t\t\t\t\t\t\t<div class=\"elementor-cta__description elementor-cta__content-item elementor-content-item\">\n\t\t\t\t\t\tL'acqua \u00e8 la linfa vitale di ogni giardino e terrazzo, e un sistema d'irrigazione efficiente ed efficace rappresenta un elemento chiave per garantire la salute e la bellezza delle piante. Ci dedichiamo a fornire soluzioni d'irrigazione all'avanguardia, progettate per adattarsi perfettamente alle esigenze di ogni ambiente.  <br>\n1.\tGiardini con Irrigatori a Scomparsa: Per chi desidera un'estetica pulita e un'efficace distribuzione dell'acqua, offriamo impianti d'irrigazione con irrigatori a scomparsa. Questi sistemi, perfettamente integrati nel paesaggio, assicurano un'irrigazione omogenea, coprendo ogni angolo del giardino. La nostra equipe si occupa di tutti gli aspetti dell'installazione, compresi gli scavi e la preparazione del terreno, garantendo un servizio chiavi in mano e minimizzando l'impatto sull'area circostante. \n\n2.\tTerrazzi con Sistema \"Goccia-Goccia\": Particolarmente indicato per terrazzi e aiuole di sole piante (senza prato), il nostro sistema \"goccia-goccia\" offre un'irrigazione mirata e delicata, ideale per piante in vaso o aree di difficile accesso. Questa metodologia consente di fornire a ciascuna pianta la giusta quantit\u00e0 d'acqua, evitando sprechi e garantendo una crescita sana.  \n\nTecnologia Avanzata e Risparmio: In entrambi i casi, integriamo le pi\u00f9 moderne centraline d'irrigazione connesse al WiFi. Questi dispositivi intelligenti auto-regolano i tempi irrigui in base a variabili come l'umidit\u00e0 del suolo, la temperatura e le previsioni meteorologiche, permettendo una gestione dell'acqua estremamente efficiente. Grazie a questa tecnologia smart, i nostri clienti possono godere di risparmi di consumo d'acqua fino al 50% rispetto ai tradizionali programmatori, riducendo l'impatto ambientale e le bollette.    \n\t\t\t\t\t<\/div>\n\t\t\t\t\n\t\t\t\t\t\t\t<\/div>\n\t\t\t\t\t\t<\/div>\n\t\t\t\t\t\t<\/div>\n\t\t\t\t<\/div>\n\t\t\t\t<div class=\"elementor-element elementor-element-4b6cc7cf elementor-cta--layout-image-left elementor-cta--valign-middle elementor-cta--mobile-layout-image-above elementor-cta--skin-classic elementor-animated-content elementor-bg-transform elementor-bg-transform-zoom-in elementor-widget elementor-widget-call-to-action\" data-id=\"4b6cc7cf\" data-element_type=\"widget\" data-e-type=\"widget\" id=\"service_4\" data-widget_type=\"call-to-action.default\">\n\t\t\t\t<div class=\"elementor-widget-container\">\n\t\t\t\t\t\t\t<div class=\"elementor-cta\">\n\t\t\t\t\t<div class=\"elementor-cta__bg-wrapper\">\n\t\t\t\t<div class=\"elementor-cta__bg elementor-bg\" style=\"background-image: url(https:\/\/peiranovivai.it\/wp-content\/uploads\/2024\/01\/tappeto_erboso.jpeg);\" role=\"img\" aria-label=\"tappeto_erboso\"><\/div>\n\t\t\t\t<div class=\"elementor-cta__bg-overlay\"><\/div>\n\t\t\t<\/div>\n\t\t\t\t\t\t\t<div class=\"elementor-cta__content\">\n\t\t\t\t\n\t\t\t\t\t\t\t\t\t<h4 class=\"elementor-cta__title elementor-cta__content-item elementor-content-item\">\n\t\t\t\t\t\tTappeto erboso\t\t\t\t\t<\/h4>\n\t\t\t\t\n\t\t\t\t\t\t\t\t\t<div class=\"elementor-cta__description elementor-cta__content-item elementor-content-item\">\n\t\t\t\t\t\tNel paesaggio di un giardino, poche cose sono paragonabili alla bellezza di un tappeto erboso verde e ben curato. Per noi la realizzazione di un prato perfetto \u00e8 un'arte, e il nostro servizio di fornitura e posa del tappeto erboso a rotoli rappresenta la quintessenza di questa dedizione. Nel dettaglio le fasi del lavoro:      \n\n1.\tPreparazione del Fondo: Ogni grande opera ha bisogno di solide fondamenta. Iniziamo rimuovendo detriti, sassi e infestanti per assicurarci che le nuove zolle abbiano un ambiente sano e pulito su cui radicarsi.  \n2.\tLivellatura: Grazie a tecnologie e strumenti all'avanguardia, livelliamo perfettamente il terreno, eliminando eventuali irregolarit\u00e0. Questo passaggio \u00e8 cruciale per assicurare una crescita uniforme e per prevenire la formazione di ristagni d'acqua e difetti estetici.\n3.\tFornitura di Terriccio Specifico: La qualit\u00e0 del terreno \u00e8 essenziale per un prato robusto e duraturo. Con i nostri terricci specifici, arricchiti con i migliori fertilizzanti naturali, ci assicuriamo il pronto attecchimento delle zolle. \n4.\tFornitura e Posa delle Zolle: Selezioniamo zolle di altissima qualit\u00e0, grazie a miscugli di semenze resistenti a funghi e parassiti. Una volta preparato il terreno, le zolle vengono posizionate con precisione e maestria.  \n\nA differenza della semina, che richiede tempo per germogliare e crescere, le zolle offrono un \"pronto-effetto\", trasformando immediatamente il vostro spazio in un giardino finito.\n\t\t\t\t\t<\/div>\n\t\t\t\t\n\t\t\t\t\t\t\t<\/div>\n\t\t\t\t\t\t<\/div>\n\t\t\t\t\t\t<\/div>\n\t\t\t\t<\/div>\n\t\t\t\t<div class=\"elementor-element elementor-element-6aedf27 elementor-cta--layout-image-right elementor-cta--valign-middle elementor-cta--mobile-layout-image-above elementor-cta--skin-classic elementor-animated-content elementor-bg-transform elementor-bg-transform-zoom-in elementor-widget elementor-widget-call-to-action\" data-id=\"6aedf27\" data-element_type=\"widget\" data-e-type=\"widget\" id=\"service_5\" data-widget_type=\"call-to-action.default\">\n\t\t\t\t<div class=\"elementor-widget-container\">\n\t\t\t\t\t\t\t<div class=\"elementor-cta\">\n\t\t\t\t\t<div class=\"elementor-cta__bg-wrapper\">\n\t\t\t\t<div class=\"elementor-cta__bg elementor-bg\" style=\"background-image: url(https:\/\/peiranovivai.it\/wp-content\/uploads\/2024\/01\/lavori_speciali1.jpg);\" role=\"img\" aria-label=\"lavori_speciali1\"><\/div>\n\t\t\t\t<div class=\"elementor-cta__bg-overlay\"><\/div>\n\t\t\t<\/div>\n\t\t\t\t\t\t\t<div class=\"elementor-cta__content\">\n\t\t\t\t\n\t\t\t\t\t\t\t\t\t<h4 class=\"elementor-cta__title elementor-cta__content-item elementor-content-item\">\n\t\t\t\t\t\tLavori Speciali\t\t\t\t\t<\/h4>\n\t\t\t\t\n\t\t\t\t\t\t\t\t\t<div class=\"elementor-cta__description elementor-cta__content-item elementor-content-item\">\n\t\t\t\t\t\tLa nostra passione per il verde non conosce confini, la nostra azienda \u00e8 pronta a rispondere a ogni sfida, soddisfacendo qualsiasi richiesta, anche la pi\u00f9 particolare e specifica.   \n\n1.\tPareti Verdi Verticali: Trasformiamo spazi verticali in giardini sospesi, portando natura e design in ogni angolo, sia interno che esterno. \n2.\tPotature ad Alto Fusto: Con tecnica e sicurezza, ci prendiamo cura degli alberi di grande dimensione, garantendo la loro salute e la sicurezza dell\u2019area circostante, con potature di ritorno stagionali o eventuali abbattimenti. \n3.\tPulizie di Aree Verdi: Dal piccolo giardino al grande parco, effettuiamo sfalci erba e pulizie approfondite, avvalendoci, quando necessario, di mezzi meccanici di ultima generazione.\n4.\tMovimento Terra: Prepariamo il terreno per ogni progetto, garantendo la corretta formazione e livellatura del suolo, fondamentale per successivi interventi. \n5.\tGabbionate di Grossi Dimensioni: Realizziamo strutture di sostegno e contenimento terra, robuste e decorative, ideali per essere ricoperte da piante rampicanti, unendo funzionalit\u00e0 ed estetica. \n\nQualunque sia la vostra visione o esigenza, la nostra famiglia \u00e8 sempre pronta ad ascoltarvi e a trasformarla in realt\u00e0. Se non lo vedete nell'elenco, chiedete! Siamo qui per realizzare ogni vostro \"desiderio verde\".\n\t\t\t\t\t<\/div>\n\t\t\t\t\n\t\t\t\t\t\t\t<\/div>\n\t\t\t\t\t\t<\/div>\n\t\t\t\t\t\t<\/div>\n\t\t\t\t<\/div>\n\t\t\t\t\t<\/div>\n\t\t\t\t<\/div>\n\t\t\t\t<\/div>\n\t\t","protected":false},"excerpt":{"rendered":"<p>Cura Verde Personalizzata Esperienza e innovazione per ogni angolo del tuo giardino Vendita Piante Al Dettaglio Non ci limitiamo a coltivare splendide piante; noi infondiamo vita ai vostri spazi esterni. Ogni pianta che esce dai nostri vivai \u00e8 un impegno di eccellenza e ci assicuriamo che trovi la sua dimora perfetta nel vostro giardino. La [&hellip;]<\/p>\n","protected":false},"author":1,"featured_media":0,"parent":0,"menu_order":0,"comment_status":"closed","ping_status":"closed","template":"elementor_header_footer","meta":{"footnotes":""},"class_list":["post-92","page","type-page","status-publish","hentry"],"_links":{"self":[{"href":"https:\/\/peiranovivai.it\/index.php\/wp-json\/wp\/v2\/pages\/92","targetHints":{"allow":["GET"]}}],"collection":[{"href":"https:\/\/peiranovivai.it\/index.php\/wp-json\/wp\/v2\/pages"}],"about":[{"href":"https:\/\/peiranovivai.it\/index.php\/wp-json\/wp\/v2\/types\/page"}],"author":[{"embeddable":true,"href":"https:\/\/peiranovivai.it\/index.php\/wp-json\/wp\/v2\/users\/1"}],"replies":[{"embeddable":true,"href":"https:\/\/peiranovivai.it\/index.php\/wp-json\/wp\/v2\/comments?post=92"}],"version-history":[{"count":23,"href":"https:\/\/peiranovivai.it\/index.php\/wp-json\/wp\/v2\/pages\/92\/revisions"}],"predecessor-version":[{"id":348,"href":"https:\/\/peiranovivai.it\/index.php\/wp-json\/wp\/v2\/pages\/92\/revisions\/348"}],"wp:attachment":[{"href":"https:\/\/peiranovivai.it\/index.php\/wp-json\/wp\/v2\/media?parent=92"}],"curies":[{"name":"wp","href":"https:\/\/api.w.org\/{rel}","templated":true}]}}