{"id":118,"date":"2023-12-31T10:52:00","date_gmt":"2023-12-31T10:52:00","guid":{"rendered":"https:\/\/aa.peiranovivai.it\/index.php\/about\/"},"modified":"2024-01-02T06:52:17","modified_gmt":"2024-01-02T06:52:17","slug":"azienda","status":"publish","type":"page","link":"https:\/\/peiranovivai.it\/index.php\/azienda\/","title":{"rendered":"Azienda"},"content":{"rendered":"\t\t<div data-elementor-type=\"wp-page\" data-elementor-id=\"118\" class=\"elementor elementor-118\" data-elementor-post-type=\"page\">\n\t\t\t\t<div class=\"elementor-element elementor-element-0e79c95 e-flex e-con-boxed e-con e-parent\" data-id=\"0e79c95\" data-element_type=\"container\" data-e-type=\"container\">\n\t\t\t\t\t<div class=\"e-con-inner\">\n\t\t\t\t<div class=\"elementor-element elementor-element-f670592 elementor-widget elementor-widget-image\" data-id=\"f670592\" data-element_type=\"widget\" data-e-type=\"widget\" data-widget_type=\"image.default\">\n\t\t\t\t<div class=\"elementor-widget-container\">\n\t\t\t\t\t\t\t\t\t\t\t\t\t\t\t<img decoding=\"async\" src=\"https:\/\/peiranovivai.it\/wp-content\/uploads\/2024\/01\/dd.jpg\" title=\"\" alt=\"\" loading=\"lazy\" \/>\t\t\t\t\t\t\t\t\t\t\t\t\t\t\t<\/div>\n\t\t\t\t<\/div>\n\t\t\t\t\t<\/div>\n\t\t\t\t<\/div>\n\t\t<div class=\"elementor-element elementor-element-ef62765 e-flex e-con-boxed e-con e-parent\" data-id=\"ef62765\" data-element_type=\"container\" data-e-type=\"container\">\n\t\t\t\t\t<div class=\"e-con-inner\">\n\t\t\t\t<div class=\"elementor-element elementor-element-be49443 elementor-widget elementor-widget-spacer\" data-id=\"be49443\" data-element_type=\"widget\" data-e-type=\"widget\" data-widget_type=\"spacer.default\">\n\t\t\t\t<div class=\"elementor-widget-container\">\n\t\t\t\t\t\t\t<div class=\"elementor-spacer\">\n\t\t\t<div class=\"elementor-spacer-inner\"><\/div>\n\t\t<\/div>\n\t\t\t\t\t\t<\/div>\n\t\t\t\t<\/div>\n\t\t\t\t\t<\/div>\n\t\t\t\t<\/div>\n\t\t<div class=\"elementor-element elementor-element-23bfdf8d e-con-full e-flex e-con e-parent\" data-id=\"23bfdf8d\" data-element_type=\"container\" data-e-type=\"container\">\n\t\t<div class=\"elementor-element elementor-element-b3febfc e-con-full e-flex e-con e-child\" data-id=\"b3febfc\" data-element_type=\"container\" data-e-type=\"container\">\n\t\t\t\t<div class=\"elementor-element elementor-element-2081fa83 elementor-widget elementor-widget-heading\" data-id=\"2081fa83\" data-element_type=\"widget\" data-e-type=\"widget\" data-widget_type=\"heading.default\">\n\t\t\t\t<div class=\"elementor-widget-container\">\n\t\t\t\t\t<h1 class=\"elementor-heading-title elementor-size-default\">La nostra azienda<\/h1>\t\t\t\t<\/div>\n\t\t\t\t<\/div>\n\t\t\t\t<div class=\"elementor-element elementor-element-1420eb3 elementor-widget elementor-widget-text-editor\" data-id=\"1420eb3\" data-element_type=\"widget\" data-e-type=\"widget\" data-widget_type=\"text-editor.default\">\n\t\t\t\t<div class=\"elementor-widget-container\">\n\t\t\t\t\t\t\t\t\t<p style=\"font-weight: 400;\">Immersa nel cuore di Genova, l&#8217;azienda Peirano si estende per 40.000 mq di vivai rigogliosi, un vero e proprio polmone verde nella citt\u00e0. Questa passione per la natura non \u00e8 di recente acquisizione, ma \u00e8 un&#8217;eredit\u00e0 che affonda le sue radici nel lontano 1880.<\/p><p style=\"font-weight: 400;\">Da allora, generazione dopo generazione, la famiglia Peirano ha coltivato non solo piante, ma una tradizione di dedizione, amore e impegno verso il mondo del verde.<\/p><p style=\"font-weight: 400;\">La nostra storia parla di mani nella terra e di radici profonde, tanto quelle delle piante, quanto quelle dei valori aziendali. Per noi, i vivai non sono solo un luogo di lavoro: sono la nostra vera casa. Qui, tra foglie fruscianti e continue fioriture, la famiglia Peirano ha trascorso pi\u00f9 di un secolo, garantendo sempre il massimo della qualit\u00e0 e offrendo una gamma completa di servizi per soddisfare ogni esigenza legataal mondo del verde.<\/p><p style=\"font-weight: 400;\">E, come una pianta che cresce rigogliosa alimentata dalla dedizione e dalla passione, anche la nostra azienda ha prosperato, conservando per\u00f2 sempre lo spirito genuino e l&#8217;attenzione personale nei primi giorni. Quando scegliete Peirano Vivai, non state semplicemente acquistando una pianta o un servizio: state entrando a far parte di una storia lunga oltre un secolo, fatta di amore autentico per la natura.<\/p>\t\t\t\t\t\t\t\t<\/div>\n\t\t\t\t<\/div>\n\t\t\t\t<\/div>\n\t\t<div class=\"elementor-element elementor-element-79635b6b e-con-full e-flex e-con e-child\" data-id=\"79635b6b\" data-element_type=\"container\" data-e-type=\"container\" data-settings=\"{&quot;background_background&quot;:&quot;classic&quot;}\">\n\t\t\t\t<\/div>\n\t\t\t\t<\/div>\n\t\t<div class=\"elementor-element elementor-element-6e9d947b e-flex e-con-boxed e-con e-parent\" data-id=\"6e9d947b\" data-element_type=\"container\" data-e-type=\"container\">\n\t\t\t\t\t<div class=\"e-con-inner\">\n\t\t\t\t<div class=\"elementor-element elementor-element-3b3c28bf elementor-widget elementor-widget-heading\" data-id=\"3b3c28bf\" data-element_type=\"widget\" data-e-type=\"widget\" data-widget_type=\"heading.default\">\n\t\t\t\t<div class=\"elementor-widget-container\">\n\t\t\t\t\t<h2 class=\"elementor-heading-title elementor-size-default\">I nostri punti vendita<\/h2>\t\t\t\t<\/div>\n\t\t\t\t<\/div>\n\t\t<div class=\"elementor-element elementor-element-1103bdf9 e-con-full e-flex e-con e-child\" data-id=\"1103bdf9\" data-element_type=\"container\" data-e-type=\"container\">\n\t\t\t\t<div class=\"elementor-element elementor-element-658423ea elementor-widget__width-initial elementor-widget-mobile__width-inherit elementor-position-top elementor-widget elementor-widget-image-box\" data-id=\"658423ea\" data-element_type=\"widget\" data-e-type=\"widget\" data-widget_type=\"image-box.default\">\n\t\t\t\t<div class=\"elementor-widget-container\">\n\t\t\t\t\t<div class=\"elementor-image-box-wrapper\"><figure class=\"elementor-image-box-img\"><img fetchpriority=\"high\" decoding=\"async\" width=\"1472\" height=\"1160\" src=\"https:\/\/peiranovivai.it\/wp-content\/uploads\/2023\/12\/foto.vivaio-e1704140034206.jpg\" class=\"elementor-animation-bounce-out attachment-full size-full wp-image-201\" alt=\"\" srcset=\"https:\/\/peiranovivai.it\/wp-content\/uploads\/2023\/12\/foto.vivaio-e1704140034206.jpg 1472w, https:\/\/peiranovivai.it\/wp-content\/uploads\/2023\/12\/foto.vivaio-e1704140034206-600x473.jpg 600w, https:\/\/peiranovivai.it\/wp-content\/uploads\/2023\/12\/foto.vivaio-e1704140034206-300x236.jpg 300w, https:\/\/peiranovivai.it\/wp-content\/uploads\/2023\/12\/foto.vivaio-e1704140034206-1024x807.jpg 1024w, https:\/\/peiranovivai.it\/wp-content\/uploads\/2023\/12\/foto.vivaio-e1704140034206-768x605.jpg 768w\" sizes=\"(max-width: 1472px) 100vw, 1472px\" \/><\/figure><div class=\"elementor-image-box-content\"><h4 class=\"elementor-image-box-title\">Vivaio - Via Somalia 14<\/h4><p class=\"elementor-image-box-description\">Nel nostro vivaio di Via Somalia 14, Genova - Un'estesa oasi verde di 10.000 mq via ttende, offrendo una vasta gamma di piante da esterno pronte a vivacizzare qualsiasi spazio. Oltre alle nostre piante rigogliose, troverete terricci di qualit\u00e0, attrezzi e materiali per giardinaggio, garantendovi cos\u00ec tutto ci\u00f2 di cui avete bisogno per creare o mantenere il vostro angolo verde ideale. E se avete dubbi o incertezze su come valorizzare al meglio i vostri spazi esterni, portateci le foto: la nostra famiglia sar\u00e0 lieta di discutere sul momento le migliori soluzioni per voi. E non finisce qui: se desiderate, potete fissare un appuntamento per un sopralluogo gratuito, permettendoci di offrirvi una consulenza ancor pi\u00f9 dettagliata e personalizzata. \nL'acquisto di una pianta non \u00e8 solo una transazione, ma un'esperienza. E noi siamo determinati a rendere quell'esperienza unica, coinvolgente e ricca di valore. Dai vivaci colori delle piante alla professionalit\u00e0 del nostro staff, ogni aspetto \u00e8 studiato per garantirvi non solo il meglio in termini i prodotti, ma anche un servizio clienti di prim'ordine.\n<\/p><\/div><\/div>\t\t\t\t<\/div>\n\t\t\t\t<\/div>\n\t\t\t\t<div class=\"elementor-element elementor-element-38035967 elementor-widget__width-initial elementor-widget-mobile__width-inherit elementor-position-top elementor-widget elementor-widget-image-box\" data-id=\"38035967\" data-element_type=\"widget\" data-e-type=\"widget\" data-widget_type=\"image-box.default\">\n\t\t\t\t<div class=\"elementor-widget-container\">\n\t\t\t\t\t<div class=\"elementor-image-box-wrapper\"><figure class=\"elementor-image-box-img\"><img decoding=\"async\" width=\"800\" height=\"600\" src=\"https:\/\/peiranovivai.it\/wp-content\/uploads\/2024\/01\/8467852830_32c8dece1b_c.jpg\" class=\"elementor-animation-bounce-out attachment-full size-full wp-image-256\" alt=\"\" srcset=\"https:\/\/peiranovivai.it\/wp-content\/uploads\/2024\/01\/8467852830_32c8dece1b_c.jpg 800w, https:\/\/peiranovivai.it\/wp-content\/uploads\/2024\/01\/8467852830_32c8dece1b_c-600x450.jpg 600w, https:\/\/peiranovivai.it\/wp-content\/uploads\/2024\/01\/8467852830_32c8dece1b_c-300x225.jpg 300w, https:\/\/peiranovivai.it\/wp-content\/uploads\/2024\/01\/8467852830_32c8dece1b_c-768x576.jpg 768w\" sizes=\"(max-width: 800px) 100vw, 800px\" \/><\/figure><div class=\"elementor-image-box-content\"><h4 class=\"elementor-image-box-title\">Negozio - Viale Cambiaso 2r<\/h4><p class=\"elementor-image-box-description\">Se cercate un'oasi urbana dove il verde si fonde con l'eleganza degli interni, il nostro punto vendita in Viale Cambiaso \u00e8 il luogo ideale. Pur offrendo una selezione di piante da esterno, la vera specializzazione di questo spazio \u00e8 la vendita di piante da interno e delle delicate piante da fioritura stagionale. Queste ultime sono perfette per coloro che desiderano rinnovare periodicamente il look dei propri ambienti o balconi in base alle stagioni. Le piante da interno non solo impreziosiscono gli spazi abitativi e lavorativi, ma aiutano anche a migliorare la qualit\u00e0 dell'aria e a creare un ambiente sereno e rilassante. Nel nostro punto vendita di Viale Cambiaso, troverete variet\u00e0 scelte con cura, pronte a trasformare ogni angolo della vostra casa o ufficio in un piccolo paradiso verde. La nostra equipe di esperti \u00e8 sempre disponibile a consigliarvi sulla scelta della pianta pi\u00f9 adatta alle vostre esigenze e alle caratteristiche degli ambienti in cui verr\u00e0 collocata, garantendo cos\u00ec una perfetta armonia tra natura e design. <\/p><\/div><\/div>\t\t\t\t<\/div>\n\t\t\t\t<\/div>\n\t\t\t\t<\/div>\n\t\t\t\t\t<\/div>\n\t\t\t\t<\/div>\n\t\t<div class=\"elementor-element elementor-element-7856174 e-flex e-con-boxed e-con e-parent\" data-id=\"7856174\" data-element_type=\"container\" data-e-type=\"container\" data-settings=\"{&quot;background_background&quot;:&quot;classic&quot;}\">\n\t\t\t\t\t<div class=\"e-con-inner\">\n\t\t\t\t<div class=\"elementor-element elementor-element-5c896f69 elementor-view-default elementor-position-block-start elementor-mobile-position-block-start elementor-widget elementor-widget-icon-box\" data-id=\"5c896f69\" data-element_type=\"widget\" data-e-type=\"widget\" data-widget_type=\"icon-box.default\">\n\t\t\t\t<div class=\"elementor-widget-container\">\n\t\t\t\t\t\t\t<div class=\"elementor-icon-box-wrapper\">\n\n\t\t\t\t\t\t<div class=\"elementor-icon-box-icon\">\n\t\t\t\t<span  class=\"elementor-icon\">\n\t\t\t\t<svg xmlns=\"http:\/\/www.w3.org\/2000\/svg\" id=\"a4a99671-1fc3-4568-98bf-7fc5746e910a\" data-name=\"Layer 1\" width=\"114\" height=\"79\" viewBox=\"0 0 114 79\"><polygon points=\"32.677 0 0 78.265 36.391 78.265 57.928 0 32.677 0\"><\/polygon><polygon points=\"88.749 0.735 56.072 79 92.463 79 114 0.735 88.749 0.735\"><\/polygon><\/svg>\t\t\t\t<\/span>\n\t\t\t<\/div>\n\t\t\t\n\t\t\t\t\t\t<div class=\"elementor-icon-box-content\">\n\n\t\t\t\t\t\t\t\t\t<h3 class=\"elementor-icon-box-title\">\n\t\t\t\t\t\t<span  >\n\t\t\t\t\t\t\tPeirano Vivai: Un Secolo di Passione Verde nel Cuore di Genova\t\t\t\t\t\t<\/span>\n\t\t\t\t\t<\/h3>\n\t\t\t\t\n\t\t\t\t\n\t\t\t<\/div>\n\t\t\t\n\t\t<\/div>\n\t\t\t\t\t\t<\/div>\n\t\t\t\t<\/div>\n\t\t\t\t\t<\/div>\n\t\t\t\t<\/div>\n\t\t\t\t<\/div>\n\t\t","protected":false},"excerpt":{"rendered":"<p>La nostra azienda Immersa nel cuore di Genova, l&#8217;azienda Peirano si estende per 40.000 mq di vivai rigogliosi, un vero e proprio polmone verde nella citt\u00e0. Questa passione per la natura non \u00e8 di recente acquisizione, ma \u00e8 un&#8217;eredit\u00e0 che affonda le sue radici nel lontano 1880. Da allora, generazione dopo generazione, la famiglia Peirano [&hellip;]<\/p>\n","protected":false},"author":1,"featured_media":0,"parent":0,"menu_order":0,"comment_status":"closed","ping_status":"closed","template":"elementor_header_footer","meta":{"footnotes":""},"class_list":["post-118","page","type-page","status-publish","hentry"],"_links":{"self":[{"href":"https:\/\/peiranovivai.it\/index.php\/wp-json\/wp\/v2\/pages\/118","targetHints":{"allow":["GET"]}}],"collection":[{"href":"https:\/\/peiranovivai.it\/index.php\/wp-json\/wp\/v2\/pages"}],"about":[{"href":"https:\/\/peiranovivai.it\/index.php\/wp-json\/wp\/v2\/types\/page"}],"author":[{"embeddable":true,"href":"https:\/\/peiranovivai.it\/index.php\/wp-json\/wp\/v2\/users\/1"}],"replies":[{"embeddable":true,"href":"https:\/\/peiranovivai.it\/index.php\/wp-json\/wp\/v2\/comments?post=118"}],"version-history":[{"count":26,"href":"https:\/\/peiranovivai.it\/index.php\/wp-json\/wp\/v2\/pages\/118\/revisions"}],"predecessor-version":[{"id":274,"href":"https:\/\/peiranovivai.it\/index.php\/wp-json\/wp\/v2\/pages\/118\/revisions\/274"}],"wp:attachment":[{"href":"https:\/\/peiranovivai.it\/index.php\/wp-json\/wp\/v2\/media?parent=118"}],"curies":[{"name":"wp","href":"https:\/\/api.w.org\/{rel}","templated":true}]}}